{"id":167,"date":"2025-02-24T19:42:06","date_gmt":"2025-02-24T19:42:06","guid":{"rendered":"https:\/\/minimaxgodirect.websterconnect.com\/?page_id=167"},"modified":"2025-03-20T14:47:47","modified_gmt":"2025-03-20T14:47:47","slug":"tradeshow-freight","status":"publish","type":"page","link":"https:\/\/minimaxgodirect.com\/fr\/services\/tradeshow-freight\/","title":{"rendered":"Fret pour Salons Professionnels"},"content":{"rendered":"<p>Les commandes destin\u00e9es aux salons professionnels, \u00e9v\u00e9nements sp\u00e9ciaux ou centres de conf\u00e9rences peuvent \u00eatre prises en charge par Minimax Go Direct si elles sont pr\u00e9alablement organis\u00e9es avec nos op\u00e9rations. Nous pouvons \u00e9galement faciliter les ramassages et livraisons en dehors des heures normales lors de ces \u00e9v\u00e9nements.<\/p>","protected":false},"excerpt":{"rendered":"<p>Les commandes destin\u00e9es aux salons professionnels, \u00e9v\u00e9nements sp\u00e9ciaux ou centres de conf\u00e9rences peuvent \u00eatre prises en charge par Minimax Go Direct si elles sont pr\u00e9alablement organis\u00e9es avec nos op\u00e9rations. Nous pouvons \u00e9galement faciliter les ramassages et livraisons en dehors des heures normales lors de ces \u00e9v\u00e9nements.<\/p>","protected":false},"author":1,"featured_media":369,"parent":27,"menu_order":0,"comment_status":"closed","ping_status":"closed","template":"","meta":{"_acf_changed":false,"_et_pb_use_builder":"off","_et_pb_old_content":"","_et_gb_content_width":"","footnotes":""},"class_list":["post-167","page","type-page","status-publish","has-post-thumbnail","hentry"],"acf":[],"_links":{"self":[{"href":"https:\/\/minimaxgodirect.com\/fr\/wp-json\/wp\/v2\/pages\/167","targetHints":{"allow":["GET"]}}],"collection":[{"href":"https:\/\/minimaxgodirect.com\/fr\/wp-json\/wp\/v2\/pages"}],"about":[{"href":"https:\/\/minimaxgodirect.com\/fr\/wp-json\/wp\/v2\/types\/page"}],"author":[{"embeddable":true,"href":"https:\/\/minimaxgodirect.com\/fr\/wp-json\/wp\/v2\/users\/1"}],"replies":[{"embeddable":true,"href":"https:\/\/minimaxgodirect.com\/fr\/wp-json\/wp\/v2\/comments?post=167"}],"version-history":[{"count":3,"href":"https:\/\/minimaxgodirect.com\/fr\/wp-json\/wp\/v2\/pages\/167\/revisions"}],"predecessor-version":[{"id":348,"href":"https:\/\/minimaxgodirect.com\/fr\/wp-json\/wp\/v2\/pages\/167\/revisions\/348"}],"up":[{"embeddable":true,"href":"https:\/\/minimaxgodirect.com\/fr\/wp-json\/wp\/v2\/pages\/27"}],"wp:featuredmedia":[{"embeddable":true,"href":"https:\/\/minimaxgodirect.com\/fr\/wp-json\/wp\/v2\/media\/369"}],"wp:attachment":[{"href":"https:\/\/minimaxgodirect.com\/fr\/wp-json\/wp\/v2\/media?parent=167"}],"curies":[{"name":"wp","href":"https:\/\/api.w.org\/{rel}","templated":true}]}}