{"id":169,"date":"2025-02-24T19:43:42","date_gmt":"2025-02-24T19:43:42","guid":{"rendered":"https:\/\/minimaxgodirect.websterconnect.com\/?page_id=169"},"modified":"2025-03-20T14:51:39","modified_gmt":"2025-03-20T14:51:39","slug":"dunnage-removal","status":"publish","type":"page","link":"https:\/\/minimaxgodirect.com\/fr\/services\/dunnage-removal\/","title":{"rendered":"Retrait des Mat\u00e9riaux d'Emballage"},"content":{"rendered":"<p>Minimax Go Direct offre un service de retrait des mat\u00e9riaux d\u2019emballage. Avec ce service, nous enlevons et disposons des emballages ind\u00e9sirables utilis\u00e9s pour prot\u00e9ger le produit pendant le transport, ainsi que des palettes vides.<\/p>","protected":false},"excerpt":{"rendered":"<p>Minimax Go Direct offre un service de retrait des mat\u00e9riaux d\u2019emballage. Avec ce service, nous enlevons et disposons des emballages ind\u00e9sirables utilis\u00e9s pour prot\u00e9ger le produit pendant le transport, ainsi que des palettes vides.<\/p>","protected":false},"author":1,"featured_media":370,"parent":27,"menu_order":0,"comment_status":"closed","ping_status":"closed","template":"","meta":{"_acf_changed":false,"_et_pb_use_builder":"off","_et_pb_old_content":"","_et_gb_content_width":"","footnotes":""},"class_list":["post-169","page","type-page","status-publish","has-post-thumbnail","hentry"],"acf":[],"_links":{"self":[{"href":"https:\/\/minimaxgodirect.com\/fr\/wp-json\/wp\/v2\/pages\/169","targetHints":{"allow":["GET"]}}],"collection":[{"href":"https:\/\/minimaxgodirect.com\/fr\/wp-json\/wp\/v2\/pages"}],"about":[{"href":"https:\/\/minimaxgodirect.com\/fr\/wp-json\/wp\/v2\/types\/page"}],"author":[{"embeddable":true,"href":"https:\/\/minimaxgodirect.com\/fr\/wp-json\/wp\/v2\/users\/1"}],"replies":[{"embeddable":true,"href":"https:\/\/minimaxgodirect.com\/fr\/wp-json\/wp\/v2\/comments?post=169"}],"version-history":[{"count":4,"href":"https:\/\/minimaxgodirect.com\/fr\/wp-json\/wp\/v2\/pages\/169\/revisions"}],"predecessor-version":[{"id":314,"href":"https:\/\/minimaxgodirect.com\/fr\/wp-json\/wp\/v2\/pages\/169\/revisions\/314"}],"up":[{"embeddable":true,"href":"https:\/\/minimaxgodirect.com\/fr\/wp-json\/wp\/v2\/pages\/27"}],"wp:featuredmedia":[{"embeddable":true,"href":"https:\/\/minimaxgodirect.com\/fr\/wp-json\/wp\/v2\/media\/370"}],"wp:attachment":[{"href":"https:\/\/minimaxgodirect.com\/fr\/wp-json\/wp\/v2\/media?parent=169"}],"curies":[{"name":"wp","href":"https:\/\/api.w.org\/{rel}","templated":true}]}}