{"id":27,"date":"2025-01-14T20:15:23","date_gmt":"2025-01-14T20:15:23","guid":{"rendered":"https:\/\/minimaxgodirect.websterconnect.com\/?page_id=27"},"modified":"2025-03-17T16:19:58","modified_gmt":"2025-03-17T16:19:58","slug":"services","status":"publish","type":"page","link":"https:\/\/minimaxgodirect.com\/fr\/services\/","title":{"rendered":"Services"},"content":{"rendered":"<p>Minimax GO Direct offre des services de transport acc\u00e9l\u00e9r\u00e9 et d\u00e9di\u00e9, ainsi que des services de manutention sp\u00e9cialis\u00e9e (\u00ab White Glove \u00bb).<\/p>\n\n\n\n<div style=\"height:10px\" aria-hidden=\"true\" class=\"wp-block-spacer\"><\/div>\n\n\n\n<ul class=\"wp-block-list\">\n<li>Nos chauffeurs en uniforme assurent quotidiennement le transport LTL entre Windsor et la majeure partie du Qu\u00e9bec.<\/li>\n\n\n\n<li>Notre flexibilit\u00e9 vous permet de compter sur notre pr\u00e9sence lorsque vous en avez besoin.<\/li>\n\n\n\n<li>Si vous avez besoin d\u2019un camion d\u00e9di\u00e9 ou d\u2019un service acc\u00e9l\u00e9r\u00e9, nous sommes l\u00e0 pour vous.<\/li>\n\n\n\n<li>Nous offrons des services de manutention sp\u00e9cialis\u00e9e pour r\u00e9pondre \u00e0 vos besoins de transport sur mesure.<\/li>\n<\/ul>","protected":false},"excerpt":{"rendered":"<p>Minimax GO Direct offre des services de transport acc\u00e9l\u00e9r\u00e9 et d\u00e9di\u00e9, ainsi que des services de manutention sp\u00e9cialis\u00e9e (\u00ab White Glove \u00bb).<\/p>","protected":false},"author":1,"featured_media":359,"parent":0,"menu_order":0,"comment_status":"closed","ping_status":"closed","template":"","meta":{"_acf_changed":false,"_et_pb_use_builder":"off","_et_pb_old_content":"","_et_gb_content_width":"","footnotes":""},"class_list":["post-27","page","type-page","status-publish","has-post-thumbnail","hentry"],"acf":[],"_links":{"self":[{"href":"https:\/\/minimaxgodirect.com\/fr\/wp-json\/wp\/v2\/pages\/27","targetHints":{"allow":["GET"]}}],"collection":[{"href":"https:\/\/minimaxgodirect.com\/fr\/wp-json\/wp\/v2\/pages"}],"about":[{"href":"https:\/\/minimaxgodirect.com\/fr\/wp-json\/wp\/v2\/types\/page"}],"author":[{"embeddable":true,"href":"https:\/\/minimaxgodirect.com\/fr\/wp-json\/wp\/v2\/users\/1"}],"replies":[{"embeddable":true,"href":"https:\/\/minimaxgodirect.com\/fr\/wp-json\/wp\/v2\/comments?post=27"}],"version-history":[{"count":7,"href":"https:\/\/minimaxgodirect.com\/fr\/wp-json\/wp\/v2\/pages\/27\/revisions"}],"predecessor-version":[{"id":358,"href":"https:\/\/minimaxgodirect.com\/fr\/wp-json\/wp\/v2\/pages\/27\/revisions\/358"}],"wp:featuredmedia":[{"embeddable":true,"href":"https:\/\/minimaxgodirect.com\/fr\/wp-json\/wp\/v2\/media\/359"}],"wp:attachment":[{"href":"https:\/\/minimaxgodirect.com\/fr\/wp-json\/wp\/v2\/media?parent=27"}],"curies":[{"name":"wp","href":"https:\/\/api.w.org\/{rel}","templated":true}]}}