{"id":31,"date":"2025-01-14T20:17:48","date_gmt":"2025-01-14T20:17:48","guid":{"rendered":"https:\/\/minimaxgodirect.websterconnect.com\/?page_id=31"},"modified":"2025-03-27T15:10:33","modified_gmt":"2025-03-27T15:10:33","slug":"about","status":"publish","type":"page","link":"https:\/\/minimaxgodirect.com\/fr\/about\/","title":{"rendered":"\u00c0 propos de Minimax Go Direct"},"content":{"rendered":"<p>Minimax GO Direct est une division enti\u00e8rement d\u00e9tenue de <a href=\"https:\/\/minimaxexpress.com\" target=\"_blank\" rel=\"noreferrer noopener\">Minimax Express Transportation Inc<\/a>.<\/p>\n\n\n\n<p>Minimax Express Transportation a commenc\u00e9 ses activit\u00e9s le 11 f\u00e9vrier 1991 en tant que petit transporteur LTL \u00e0 Cornwall, en Ontario, avec trois camions et dix remorques pup. L'organisation s'est d\u00e9velopp\u00e9e au cours des 30 derni\u00e8res ann\u00e9es \u00e0 travers l'Ontario et le Qu\u00e9bec.<\/p>\n\n\n\n<p>Cette croissance ph\u00e9nom\u00e9nale ne s'est pas produite par hasard ; nous croyons que c'est gr\u00e2ce \u00e0 notre \u00e9quipe. Minimax compte parmi les employ\u00e9s les plus d\u00e9vou\u00e9s et exp\u00e9riment\u00e9s de l'industrie. En tant qu\u2019entreprise familiale, notre philosophie a toujours \u00e9t\u00e9 de traiter chacun avec dignit\u00e9 et respect. C'est pourquoi certains membres de notre personnel sont avec nous depuis pr\u00e8s de 30 ans.<\/p>\n\n\n\n<p>En <strong>2018<\/strong>, l'entreprise a ouvert <a href=\"https:\/\/minimaxglobalsolutions.com\">Minimax Global Solutions<\/a>, une division offrant des solutions de transport \u00e0 travers le Canada et dans le monde entier.<\/p>\n\n\n\n<p>En <strong>2020<\/strong>, Minimax GO Direct, the latest division of Minimax, was created. An asset-based carrier, its mandate is to provide expedite deliveries and dedicated transportation services along with White Glove service.<\/p>\n\n\n\n<div style=\"height:50px\" aria-hidden=\"true\" class=\"wp-block-spacer\"><\/div>\n\n\n\n<div class=\"wp-block-columns is-layout-flex wp-container-core-columns-is-layout-9d6595d7 wp-block-columns-is-layout-flex\">\n<div class=\"wp-block-column is-layout-flow wp-block-column-is-layout-flow\">\n<h2 class=\"wp-block-heading\">D\u00e9claration de vision<\/h2>\n\n\n\n<p><strong>Notre vision est de cr\u00e9er une meilleure vie personnelle et professionnelle pour beaucoup, en offrant des services de transport de classe mondiale.<\/strong><\/p>\n<\/div>\n<\/div>","protected":false},"excerpt":{"rendered":"<p>Minimax GO Direct is a wholly owned division of Minimax Express Transportation Inc. Minimax Express Transportstion began operating on February 11, 1991 as a small LTL carrier, in Cornwall, Ontario, with three trucks and ten pup trailers. &nbsp;The organization has grown of the last 30 years throughout Ontario and Quebec. The phenomenal growth did not [&hellip;]<\/p>","protected":false},"author":1,"featured_media":249,"parent":0,"menu_order":0,"comment_status":"closed","ping_status":"closed","template":"","meta":{"_acf_changed":false,"_et_pb_use_builder":"off","_et_pb_old_content":"","_et_gb_content_width":"","footnotes":""},"class_list":["post-31","page","type-page","status-publish","has-post-thumbnail","hentry"],"acf":[],"_links":{"self":[{"href":"https:\/\/minimaxgodirect.com\/fr\/wp-json\/wp\/v2\/pages\/31","targetHints":{"allow":["GET"]}}],"collection":[{"href":"https:\/\/minimaxgodirect.com\/fr\/wp-json\/wp\/v2\/pages"}],"about":[{"href":"https:\/\/minimaxgodirect.com\/fr\/wp-json\/wp\/v2\/types\/page"}],"author":[{"embeddable":true,"href":"https:\/\/minimaxgodirect.com\/fr\/wp-json\/wp\/v2\/users\/1"}],"replies":[{"embeddable":true,"href":"https:\/\/minimaxgodirect.com\/fr\/wp-json\/wp\/v2\/comments?post=31"}],"version-history":[{"count":9,"href":"https:\/\/minimaxgodirect.com\/fr\/wp-json\/wp\/v2\/pages\/31\/revisions"}],"predecessor-version":[{"id":381,"href":"https:\/\/minimaxgodirect.com\/fr\/wp-json\/wp\/v2\/pages\/31\/revisions\/381"}],"wp:featuredmedia":[{"embeddable":true,"href":"https:\/\/minimaxgodirect.com\/fr\/wp-json\/wp\/v2\/media\/249"}],"wp:attachment":[{"href":"https:\/\/minimaxgodirect.com\/fr\/wp-json\/wp\/v2\/media?parent=31"}],"curies":[{"name":"wp","href":"https:\/\/api.w.org\/{rel}","templated":true}]}}