{"id":74,"date":"2025-01-30T15:14:21","date_gmt":"2025-01-30T15:14:21","guid":{"rendered":"https:\/\/minimaxgodirect.websterconnect.com\/?page_id=74"},"modified":"2025-03-17T15:22:57","modified_gmt":"2025-03-17T15:22:57","slug":"expedite","status":"publish","type":"page","link":"https:\/\/minimaxgodirect.com\/fr\/services\/expedite\/","title":{"rendered":"Services Acc\u00e9l\u00e9r\u00e9s Le Jour M\u00eame"},"content":{"rendered":"<h3 class=\"wp-block-heading\">Pour vos envois urgents et sensibles au facteur temps.<\/h3>\n\n\n\n<p>Nous r\u00e9cup\u00e9rerons votre marchandise avec un v\u00e9hicule de taille et d\u2019\u00e9quipement appropri\u00e9s et la livrerons directement au destinataire, de mani\u00e8re s\u00e9curitaire et rapide. Pour une tranquillit\u00e9 d'esprit, vous pourrez suivre et tracer votre envoi en temps r\u00e9el via notre portail web client. Quelques minutes apr\u00e8s la livraison de votre envoi, nous pouvons vous envoyer par courriel les documents finaux sign\u00e9s.<\/p>","protected":false},"excerpt":{"rendered":"<p>When you have a critical time-sensitive shipment. We will pick up your freight with the appropriately sized and equipped vehicle and drive directly to the consignee, in a safe and expeditious manner.&nbsp; For peace of mind, you will be able to track and trace your shipment along the way through our customer web portal.&nbsp; Within [&hellip;]<\/p>","protected":false},"author":1,"featured_media":350,"parent":27,"menu_order":0,"comment_status":"closed","ping_status":"closed","template":"","meta":{"_acf_changed":false,"_et_pb_use_builder":"off","_et_pb_old_content":"","_et_gb_content_width":"","footnotes":""},"class_list":["post-74","page","type-page","status-publish","has-post-thumbnail","hentry"],"acf":[],"_links":{"self":[{"href":"https:\/\/minimaxgodirect.com\/fr\/wp-json\/wp\/v2\/pages\/74","targetHints":{"allow":["GET"]}}],"collection":[{"href":"https:\/\/minimaxgodirect.com\/fr\/wp-json\/wp\/v2\/pages"}],"about":[{"href":"https:\/\/minimaxgodirect.com\/fr\/wp-json\/wp\/v2\/types\/page"}],"author":[{"embeddable":true,"href":"https:\/\/minimaxgodirect.com\/fr\/wp-json\/wp\/v2\/users\/1"}],"replies":[{"embeddable":true,"href":"https:\/\/minimaxgodirect.com\/fr\/wp-json\/wp\/v2\/comments?post=74"}],"version-history":[{"count":3,"href":"https:\/\/minimaxgodirect.com\/fr\/wp-json\/wp\/v2\/pages\/74\/revisions"}],"predecessor-version":[{"id":311,"href":"https:\/\/minimaxgodirect.com\/fr\/wp-json\/wp\/v2\/pages\/74\/revisions\/311"}],"up":[{"embeddable":true,"href":"https:\/\/minimaxgodirect.com\/fr\/wp-json\/wp\/v2\/pages\/27"}],"wp:featuredmedia":[{"embeddable":true,"href":"https:\/\/minimaxgodirect.com\/fr\/wp-json\/wp\/v2\/media\/350"}],"wp:attachment":[{"href":"https:\/\/minimaxgodirect.com\/fr\/wp-json\/wp\/v2\/media?parent=74"}],"curies":[{"name":"wp","href":"https:\/\/api.w.org\/{rel}","templated":true}]}}