{"id":76,"date":"2025-01-30T15:15:20","date_gmt":"2025-01-30T15:15:20","guid":{"rendered":"https:\/\/minimaxgodirect.websterconnect.com\/?page_id=76"},"modified":"2025-03-17T18:36:33","modified_gmt":"2025-03-17T18:36:33","slug":"dedicated-transportation","status":"publish","type":"page","link":"https:\/\/minimaxgodirect.com\/fr\/services\/dedicated-transportation\/","title":{"rendered":"Transport D\u00e9di\u00e9"},"content":{"rendered":"<h3 class=\"wp-block-heading\">Comme avoir une flotte de camions \u00e0 votre disposition sans les co\u00fbts d\u2019acquisition.<\/h3>\n\n\n\n<p>Le service de flotte d\u00e9di\u00e9e vous permet d\u2019optimiser l\u2019utilisation des camions, car seule votre marchandise est \u00e0 bord. Les avantages pour vous : des horaires de livraison fiables, des tarifs stables et l\u2019\u00e9limination des pr\u00e9occupations li\u00e9es \u00e0 l\u2019embauche de chauffeurs ou de r\u00e9partiteurs.<\/p>","protected":false},"excerpt":{"rendered":"<p>It is like having a fleet of trucks at your disposal without the cost of ownership. Dedicated fleet service allows you to customize the utilization of the trucks as only your freight is on board. The advantages to you: reliable delivery schedules, stable pricing, and you will not have to worry about hiring drivers or [&hellip;]<\/p>","protected":false},"author":1,"featured_media":249,"parent":27,"menu_order":0,"comment_status":"closed","ping_status":"closed","template":"","meta":{"_acf_changed":false,"_et_pb_use_builder":"off","_et_pb_old_content":"","_et_gb_content_width":"","footnotes":""},"class_list":["post-76","page","type-page","status-publish","has-post-thumbnail","hentry"],"acf":[],"_links":{"self":[{"href":"https:\/\/minimaxgodirect.com\/fr\/wp-json\/wp\/v2\/pages\/76","targetHints":{"allow":["GET"]}}],"collection":[{"href":"https:\/\/minimaxgodirect.com\/fr\/wp-json\/wp\/v2\/pages"}],"about":[{"href":"https:\/\/minimaxgodirect.com\/fr\/wp-json\/wp\/v2\/types\/page"}],"author":[{"embeddable":true,"href":"https:\/\/minimaxgodirect.com\/fr\/wp-json\/wp\/v2\/users\/1"}],"replies":[{"embeddable":true,"href":"https:\/\/minimaxgodirect.com\/fr\/wp-json\/wp\/v2\/comments?post=76"}],"version-history":[{"count":2,"href":"https:\/\/minimaxgodirect.com\/fr\/wp-json\/wp\/v2\/pages\/76\/revisions"}],"predecessor-version":[{"id":312,"href":"https:\/\/minimaxgodirect.com\/fr\/wp-json\/wp\/v2\/pages\/76\/revisions\/312"}],"up":[{"embeddable":true,"href":"https:\/\/minimaxgodirect.com\/fr\/wp-json\/wp\/v2\/pages\/27"}],"wp:featuredmedia":[{"embeddable":true,"href":"https:\/\/minimaxgodirect.com\/fr\/wp-json\/wp\/v2\/media\/249"}],"wp:attachment":[{"href":"https:\/\/minimaxgodirect.com\/fr\/wp-json\/wp\/v2\/media?parent=76"}],"curies":[{"name":"wp","href":"https:\/\/api.w.org\/{rel}","templated":true}]}}