{"id":79,"date":"2025-01-30T15:16:51","date_gmt":"2025-01-30T15:16:51","guid":{"rendered":"https:\/\/minimaxgodirect.websterconnect.com\/?page_id=79"},"modified":"2025-03-17T15:41:03","modified_gmt":"2025-03-17T15:41:03","slug":"white-glove-service","status":"publish","type":"page","link":"https:\/\/minimaxgodirect.com\/fr\/services\/white-glove-service\/","title":{"rendered":"Service de manutention sp\u00e9cialis\u00e9e (\u00ab White Glove \u00bb)"},"content":{"rendered":"<h3 class=\"wp-block-heading\">Lorsque votre envoi n\u00e9cessite une attention particuli\u00e8re.<\/h3>\n\n\n\n<p>Nous offrons un service haut de gamme qui assure un soin accru et une attention aux d\u00e9tails. Cela inclut le d\u00e9ballage d\u2019une palette, le placement du produit \u00e0 un emplacement pr\u00e9cis et\/ou la livraison \u00e0 un \u00e9tage sup\u00e9rieur avec le retrait du papier bulle.<\/p>","protected":false},"excerpt":{"rendered":"<p>When you have a shipment that needs extra care. We offer a premium service that provides extra care and attention to detail. With unpacking of a skid placing product in a specific location and or delivery to an upper level floor with unpacking of bubble wrap.<\/p>","protected":false},"author":1,"featured_media":353,"parent":27,"menu_order":0,"comment_status":"closed","ping_status":"closed","template":"","meta":{"_acf_changed":false,"_et_pb_use_builder":"off","_et_pb_old_content":"","_et_gb_content_width":"","footnotes":""},"class_list":["post-79","page","type-page","status-publish","has-post-thumbnail","hentry"],"acf":[],"_links":{"self":[{"href":"https:\/\/minimaxgodirect.com\/fr\/wp-json\/wp\/v2\/pages\/79","targetHints":{"allow":["GET"]}}],"collection":[{"href":"https:\/\/minimaxgodirect.com\/fr\/wp-json\/wp\/v2\/pages"}],"about":[{"href":"https:\/\/minimaxgodirect.com\/fr\/wp-json\/wp\/v2\/types\/page"}],"author":[{"embeddable":true,"href":"https:\/\/minimaxgodirect.com\/fr\/wp-json\/wp\/v2\/users\/1"}],"replies":[{"embeddable":true,"href":"https:\/\/minimaxgodirect.com\/fr\/wp-json\/wp\/v2\/comments?post=79"}],"version-history":[{"count":5,"href":"https:\/\/minimaxgodirect.com\/fr\/wp-json\/wp\/v2\/pages\/79\/revisions"}],"predecessor-version":[{"id":313,"href":"https:\/\/minimaxgodirect.com\/fr\/wp-json\/wp\/v2\/pages\/79\/revisions\/313"}],"up":[{"embeddable":true,"href":"https:\/\/minimaxgodirect.com\/fr\/wp-json\/wp\/v2\/pages\/27"}],"wp:featuredmedia":[{"embeddable":true,"href":"https:\/\/minimaxgodirect.com\/fr\/wp-json\/wp\/v2\/media\/353"}],"wp:attachment":[{"href":"https:\/\/minimaxgodirect.com\/fr\/wp-json\/wp\/v2\/media?parent=79"}],"curies":[{"name":"wp","href":"https:\/\/api.w.org\/{rel}","templated":true}]}}